{"id":214,"date":"2025-04-05T20:08:19","date_gmt":"2025-04-05T18:08:19","guid":{"rendered":"https:\/\/radcakleszcz.pl\/?page_id=214"},"modified":"2025-04-07T17:40:31","modified_gmt":"2025-04-07T15:40:31","slug":"uslugi-banki","status":"publish","type":"page","link":"https:\/\/radcakleszcz.pl\/index.php\/uslugi-banki\/","title":{"rendered":"Us\u0142ugi &#8211; spory z bankami"},"content":{"rendered":"\n<div id=\"wp-block-themeisle-blocks-advanced-columns-888e3463\" class=\"wp-block-themeisle-blocks-advanced-columns has-2-columns has-desktop-equal-layout has-tablet-equal-layout has-mobile-collapsedRows-layout has-vertical-unset\"><div class=\"wp-block-themeisle-blocks-advanced-columns-overlay\"><\/div><div class=\"innerblocks-wrap\">\n<div id=\"wp-block-themeisle-blocks-advanced-column-2bb39589\" class=\"wp-block-themeisle-blocks-advanced-column\">\n<h4 class=\"wp-block-heading\">Spory z bankami w sprawach dotycz\u0105cych kredyt\u00f3w walutowych\u200b.<\/h4>\n\n\n\n<p class=\"has-text-align-left\">Kancelaria oferuje kompleksow\u0105 pomoc prawn\u0105 w sprawach uniewa\u017cnienia kredyt\u00f3w walutowych (CHF, EUR, USD). Zapewniamy bezp\u0142atn\u0105 analiz\u0119 umowy, reprezentacj\u0119 na etapie przeds\u0105dowym i s\u0105dowym oraz obron\u0119 w sporach z pow\u00f3dztwa banku. Wspieramy Klient\u00f3w w negocjacjach ugodowych i dochodzeniu sankcji kredytu darmowego.<\/p>\n<\/div>\n\n\n\n<div id=\"wp-block-themeisle-blocks-advanced-column-5a0e4d69\" class=\"wp-block-themeisle-blocks-advanced-column\">\n<figure class=\"wp-block-image aligncenter size-full is-resized has-custom-border is-style-rounded wp-duotone-unset-1\"><img loading=\"lazy\" decoding=\"async\" width=\"786\" height=\"686\" src=\"https:\/\/radcakleszcz.pl\/wp-content\/uploads\/2025\/04\/sprawy_bankowe.jpg\" alt=\"\" class=\"wp-image-215\" style=\"border-radius:20px;width:420px;height:auto\" srcset=\"https:\/\/radcakleszcz.pl\/wp-content\/uploads\/2025\/04\/sprawy_bankowe.jpg 786w, https:\/\/radcakleszcz.pl\/wp-content\/uploads\/2025\/04\/sprawy_bankowe-300x262.jpg 300w, https:\/\/radcakleszcz.pl\/wp-content\/uploads\/2025\/04\/sprawy_bankowe-768x670.jpg 768w\" sizes=\"auto, (max-width: 786px) 100vw, 786px\" \/><\/figure>\n<\/div>\n<\/div><\/div>\n\n\n\n<p><\/p>\n","protected":false},"excerpt":{"rendered":"","protected":false},"author":1,"featured_media":0,"parent":0,"menu_order":0,"comment_status":"closed","ping_status":"closed","template":"","meta":{"site-sidebar-layout":"default","site-content-layout":"","ast-site-content-layout":"","site-content-style":"default","site-sidebar-style":"default","ast-global-header-display":"","ast-banner-title-visibility":"","ast-main-header-display":"","ast-hfb-above-header-display":"","ast-hfb-below-header-display":"","ast-hfb-mobile-header-display":"","site-post-title":"","ast-breadcrumbs-content":"","ast-featured-img":"","footer-sml-layout":"","theme-transparent-header-meta":"","adv-header-id-meta":"","stick-header-meta":"","header-above-stick-meta":"","header-main-stick-meta":"","header-below-stick-meta":"","astra-migrate-meta-layouts":"default","ast-page-background-enabled":"default","ast-page-background-meta":{"desktop":{"background-color":"var(--ast-global-color-5)","background-image":"","background-repeat":"repeat","background-position":"center center","background-size":"auto","background-attachment":"scroll","background-type":"","background-media":"","overlay-type":"","overlay-color":"","overlay-opacity":"","overlay-gradient":""},"tablet":{"background-color":"","background-image":"","background-repeat":"repeat","background-position":"center center","background-size":"auto","background-attachment":"scroll","background-type":"","background-media":"","overlay-type":"","overlay-color":"","overlay-opacity":"","overlay-gradient":""},"mobile":{"background-color":"","background-image":"","background-repeat":"repeat","background-position":"center center","background-size":"auto","background-attachment":"scroll","background-type":"","background-media":"","overlay-type":"","overlay-color":"","overlay-opacity":"","overlay-gradient":""}},"ast-content-background-meta":{"desktop":{"background-color":"var(--ast-global-color-4)","background-image":"","background-repeat":"repeat","background-position":"center center","background-size":"auto","background-attachment":"scroll","background-type":"","background-media":"","overlay-type":"","overlay-color":"","overlay-opacity":"","overlay-gradient":""},"tablet":{"background-color":"var(--ast-global-color-4)","background-image":"","background-repeat":"repeat","background-position":"center center","background-size":"auto","background-attachment":"scroll","background-type":"","background-media":"","overlay-type":"","overlay-color":"","overlay-opacity":"","overlay-gradient":""},"mobile":{"background-color":"var(--ast-global-color-4)","background-image":"","background-repeat":"repeat","background-position":"center center","background-size":"auto","background-attachment":"scroll","background-type":"","background-media":"","overlay-type":"","overlay-color":"","overlay-opacity":"","overlay-gradient":""}},"_themeisle_gutenberg_block_has_review":false,"footnotes":""},"class_list":["post-214","page","type-page","status-publish","hentry"],"_links":{"self":[{"href":"https:\/\/radcakleszcz.pl\/index.php\/wp-json\/wp\/v2\/pages\/214","targetHints":{"allow":["GET"]}}],"collection":[{"href":"https:\/\/radcakleszcz.pl\/index.php\/wp-json\/wp\/v2\/pages"}],"about":[{"href":"https:\/\/radcakleszcz.pl\/index.php\/wp-json\/wp\/v2\/types\/page"}],"author":[{"embeddable":true,"href":"https:\/\/radcakleszcz.pl\/index.php\/wp-json\/wp\/v2\/users\/1"}],"replies":[{"embeddable":true,"href":"https:\/\/radcakleszcz.pl\/index.php\/wp-json\/wp\/v2\/comments?post=214"}],"version-history":[{"count":6,"href":"https:\/\/radcakleszcz.pl\/index.php\/wp-json\/wp\/v2\/pages\/214\/revisions"}],"predecessor-version":[{"id":320,"href":"https:\/\/radcakleszcz.pl\/index.php\/wp-json\/wp\/v2\/pages\/214\/revisions\/320"}],"wp:attachment":[{"href":"https:\/\/radcakleszcz.pl\/index.php\/wp-json\/wp\/v2\/media?parent=214"}],"curies":[{"name":"wp","href":"https:\/\/api.w.org\/{rel}","templated":true}]}}