{"id":321,"date":"2025-04-07T17:41:29","date_gmt":"2025-04-07T15:41:29","guid":{"rendered":"https:\/\/radcakleszcz.pl\/?page_id=321"},"modified":"2025-04-07T18:14:41","modified_gmt":"2025-04-07T16:14:41","slug":"uslugi-handlowe","status":"publish","type":"page","link":"https:\/\/radcakleszcz.pl\/index.php\/uslugi-handlowe\/","title":{"rendered":"Us\u0142ugi &#8211; prawo handlowe"},"content":{"rendered":"\n<div id=\"wp-block-themeisle-blocks-advanced-columns-888e3463\" class=\"wp-block-themeisle-blocks-advanced-columns has-2-columns has-desktop-equal-layout has-tablet-equal-layout has-mobile-collapsedRows-layout has-vertical-unset\"><div class=\"wp-block-themeisle-blocks-advanced-columns-overlay\"><\/div><div class=\"innerblocks-wrap\">\n<div id=\"wp-block-themeisle-blocks-advanced-column-2bb39589\" class=\"wp-block-themeisle-blocks-advanced-column\">\n<h4 class=\"wp-block-heading\">Prawo gospodarcze i handlowe.<\/h4>\n\n\n\n<p class=\"has-text-align-left\">W ramach us\u0142ug z zakresu prawa gospodarczego i handlowego sporz\u0105dzamy i opiniujemy umowy gospodarcze, a tak\u017ce dochodzimy roszcze\u0144 pieni\u0119\u017cnych z tytu\u0142u ich niewykonania lub nienale\u017cytego wykonania. Reprezentujemy Klient\u00f3w w post\u0119powaniach rejestrowych zwi\u0105zanych z tworzeniem, przekszta\u0142caniem i likwidacj\u0105 sp\u00f3\u0142ek prawa handlowego, fundacji, stowarzysze\u0144 etc. Sporz\u0105dzamy regulaminy, statuty, uchwa\u0142y oraz protoko\u0142y zgromadze\u0144 wsp\u00f3lnik\u00f3w, jak r\u00f3wnie\u017c inne akty wewn\u0119trzne sp\u00f3\u0142ek prawa handlowego.<\/p>\n<\/div>\n\n\n\n<div id=\"wp-block-themeisle-blocks-advanced-column-5a0e4d69\" class=\"wp-block-themeisle-blocks-advanced-column\">\n<figure class=\"wp-block-image aligncenter size-full is-resized has-custom-border is-style-rounded wp-duotone-unset-1\"><img loading=\"lazy\" decoding=\"async\" width=\"2560\" height=\"1702\" src=\"https:\/\/radcakleszcz.pl\/wp-content\/uploads\/2025\/04\/paper-1-scaled.jpg\" alt=\"\" class=\"wp-image-327\" style=\"border-radius:20px;width:420px;height:auto\" srcset=\"https:\/\/radcakleszcz.pl\/wp-content\/uploads\/2025\/04\/paper-1-scaled.jpg 2560w, https:\/\/radcakleszcz.pl\/wp-content\/uploads\/2025\/04\/paper-1-300x199.jpg 300w, https:\/\/radcakleszcz.pl\/wp-content\/uploads\/2025\/04\/paper-1-1024x681.jpg 1024w, https:\/\/radcakleszcz.pl\/wp-content\/uploads\/2025\/04\/paper-1-768x511.jpg 768w, https:\/\/radcakleszcz.pl\/wp-content\/uploads\/2025\/04\/paper-1-1536x1021.jpg 1536w, https:\/\/radcakleszcz.pl\/wp-content\/uploads\/2025\/04\/paper-1-2048x1362.jpg 2048w\" sizes=\"auto, (max-width: 2560px) 100vw, 2560px\" \/><\/figure>\n<\/div>\n<\/div><\/div>\n\n\n\n<p><\/p>\n","protected":false},"excerpt":{"rendered":"","protected":false},"author":1,"featured_media":0,"parent":0,"menu_order":0,"comment_status":"closed","ping_status":"closed","template":"","meta":{"site-sidebar-layout":"default","site-content-layout":"","ast-site-content-layout":"","site-content-style":"default","site-sidebar-style":"default","ast-global-header-display":"","ast-banner-title-visibility":"","ast-main-header-display":"","ast-hfb-above-header-display":"","ast-hfb-below-header-display":"","ast-hfb-mobile-header-display":"","site-post-title":"","ast-breadcrumbs-content":"","ast-featured-img":"","footer-sml-layout":"","theme-transparent-header-meta":"","adv-header-id-meta":"","stick-header-meta":"","header-above-stick-meta":"","header-main-stick-meta":"","header-below-stick-meta":"","astra-migrate-meta-layouts":"default","ast-page-background-enabled":"default","ast-page-background-meta":{"desktop":{"background-color":"var(--ast-global-color-5)","background-image":"","background-repeat":"repeat","background-position":"center center","background-size":"auto","background-attachment":"scroll","background-type":"","background-media":"","overlay-type":"","overlay-color":"","overlay-opacity":"","overlay-gradient":""},"tablet":{"background-color":"","background-image":"","background-repeat":"repeat","background-position":"center center","background-size":"auto","background-attachment":"scroll","background-type":"","background-media":"","overlay-type":"","overlay-color":"","overlay-opacity":"","overlay-gradient":""},"mobile":{"background-color":"","background-image":"","background-repeat":"repeat","background-position":"center center","background-size":"auto","background-attachment":"scroll","background-type":"","background-media":"","overlay-type":"","overlay-color":"","overlay-opacity":"","overlay-gradient":""}},"ast-content-background-meta":{"desktop":{"background-color":"var(--ast-global-color-4)","background-image":"","background-repeat":"repeat","background-position":"center center","background-size":"auto","background-attachment":"scroll","background-type":"","background-media":"","overlay-type":"","overlay-color":"","overlay-opacity":"","overlay-gradient":""},"tablet":{"background-color":"var(--ast-global-color-4)","background-image":"","background-repeat":"repeat","background-position":"center center","background-size":"auto","background-attachment":"scroll","background-type":"","background-media":"","overlay-type":"","overlay-color":"","overlay-opacity":"","overlay-gradient":""},"mobile":{"background-color":"var(--ast-global-color-4)","background-image":"","background-repeat":"repeat","background-position":"center center","background-size":"auto","background-attachment":"scroll","background-type":"","background-media":"","overlay-type":"","overlay-color":"","overlay-opacity":"","overlay-gradient":""}},"_themeisle_gutenberg_block_has_review":false,"footnotes":""},"class_list":["post-321","page","type-page","status-publish","hentry"],"_links":{"self":[{"href":"https:\/\/radcakleszcz.pl\/index.php\/wp-json\/wp\/v2\/pages\/321","targetHints":{"allow":["GET"]}}],"collection":[{"href":"https:\/\/radcakleszcz.pl\/index.php\/wp-json\/wp\/v2\/pages"}],"about":[{"href":"https:\/\/radcakleszcz.pl\/index.php\/wp-json\/wp\/v2\/types\/page"}],"author":[{"embeddable":true,"href":"https:\/\/radcakleszcz.pl\/index.php\/wp-json\/wp\/v2\/users\/1"}],"replies":[{"embeddable":true,"href":"https:\/\/radcakleszcz.pl\/index.php\/wp-json\/wp\/v2\/comments?post=321"}],"version-history":[{"count":3,"href":"https:\/\/radcakleszcz.pl\/index.php\/wp-json\/wp\/v2\/pages\/321\/revisions"}],"predecessor-version":[{"id":328,"href":"https:\/\/radcakleszcz.pl\/index.php\/wp-json\/wp\/v2\/pages\/321\/revisions\/328"}],"wp:attachment":[{"href":"https:\/\/radcakleszcz.pl\/index.php\/wp-json\/wp\/v2\/media?parent=321"}],"curies":[{"name":"wp","href":"https:\/\/api.w.org\/{rel}","templated":true}]}}